{"id":34,"date":"2019-12-16T19:37:57","date_gmt":"2019-12-16T19:37:57","guid":{"rendered":"http:\/\/wegzuzweit.de\/?page_id=34"},"modified":"2025-09-03T17:40:01","modified_gmt":"2025-09-03T17:40:01","slug":"service","status":"publish","type":"page","link":"http:\/\/wegzuzweit.de\/?page_id=34","title":{"rendered":"Service"},"content":{"rendered":"\n<p class=\"has-text-align-center\"><strong><em>Sie sind auf der Suche nach Freundschaft, Partnerschaft,<\/em><\/strong><\/p>\n\n\n\n<p class=\"has-text-align-center\"><strong><em>oder der ganz gro\u00dfen Liebe?<\/em><\/strong><\/p>\n\n\n\n<p class=\"has-text-align-center\"> <strong><em>Sehen &#8211; h\u00f6ren &#8211; riechen<\/em><\/strong> <\/p>\n\n\n\n<p class=\"has-text-align-center\"><em>Sie haben es schon versucht, sich im Internet die\nFinger wund geschrieben, auf der \u201efreien Wildbahn\u201c Abwechslung, Abenteuer oder\nfinanzielle Interessen kennengelernt? Vielleicht sind Sie anspruchsvoll, waren\nimmer zur falschen Zeit am falschen Ort, oder sind ganz einfach etwas zu\nzur\u00fcckhaltend. <\/em><\/p>\n\n\n\n<p class=\"has-text-align-center\"><em>Woher soll man auch wissen, ob beim netten Gegen\u00fcber\ndie Kriterien stimmen, die Person auch frei ist?<\/em><\/p>\n\n\n\n<p class=\"has-text-align-center\"><strong><em>Ihre Sicherheit bei uns:<\/em><\/strong><\/p>\n\n\n\n<p class=\"has-text-align-center\"><em>Bei uns lernen Sie Menschen mit gleichen Lebenszielen kennen. <\/em><\/p>\n\n\n\n<p class=\"has-text-align-center\"><em>Wenn Sie Zweifel an der Existenz einer offerierten Person haben, ist es m\u00f6glich, telefonisch mit dieser Person Kontakt aufnehmen. Das ist mit allen Mitgliedern abgesprochen, um eventuell das n\u00f6tige Vertrauen wieder aufzubauen. <\/em><\/p>\n\n\n\n<p class=\"has-text-align-center\"><em>Leider gibt es hier, wie in allen Branchen, auch\nschwarze Schafe.<\/em><\/p>\n\n\n\n<p class=\"has-text-align-center\"><strong><em>Offenheit, Ehrlichkeit und Seriosit\u00e4t werden von allen\nSuchenden geboten und erwartet.<\/em><\/strong><em> <\/em><\/p>\n\n\n\n<p class=\"has-text-align-center\"><em>1998 gr\u00fcndete ich in Euskirchen, praktiziere seit 2002 erfolgreich in Bad M\u00fcnstereifel. Hunderte gl\u00fcckliche Paare und Dankschreiben sind der Beweis einer seri\u00f6sen Arbeitsweise. <\/em><\/p>\n\n\n\n<p class=\"has-text-align-center\"><em>In diesen 27 Jahren besuchte mich der Westdeutsche Rundfunk, WDR mehrmals und sendete Dokumentationen \u00fcber die Lokalzeit Bonn und die Aktuelle Stunde.<\/em><\/p>\n\n\n\n<p class=\"has-text-align-center\"><strong><em>Berichte der\nlokalen Zeitungen:<\/em><\/strong><em> <\/em><\/p>\n\n\n\n<p class=\"has-text-align-center\"><em>Der K\u00f6lner\nStadt Anzeiger interviewte mich in 2002 im Lokalteil &#8222;Euskirchener\nLand&#8220;. <\/em><\/p>\n\n\n\n<p class=\"has-text-align-center\"><em>Die\nRheinzeitung Koblenz in 2006 im Teil 50+. <\/em><\/p>\n\n\n\n<p class=\"has-text-align-center\"><em>Der Bonner Express\nin 2007auf der ersten und letzten Seite. <\/em><\/p>\n\n\n\n<p class=\"has-text-align-center\"><em>Das\nWochenspiegelmagazin Live berichtete in 2008. <\/em><\/p>\n\n\n\n<p class=\"has-text-align-center\"><em>Zuletzt besuchte mich in 2012 das Mittelstandmagazin Q7.<\/em><\/p>\n\n\n\n<p class=\"has-text-align-center\"><em>Oft weis ich im\nGespr\u00e4ch nach den ersten 5 Minuten, wohin die Reise geht. <\/em><\/p>\n\n\n\n<p class=\"has-text-align-center\"><em>Menschen,\nwelche zu mir kommen, machen wahrheitsgem\u00e4\u00dfe Angaben. Niemand m\u00f6chte verletzen\noder verletzt werden.<\/em><\/p>\n\n\n\n<p class=\"has-text-align-center\"><strong><em>Ehrlichkeit ist\nder Beginn von allem!<\/em><\/strong><strong><em> <\/em><\/strong><\/p>\n\n\n\n<p class=\"has-text-align-center\"><strong><em>Der Ablauf:<\/em><\/strong><strong><em> <\/em><\/strong><\/p>\n\n\n\n<p class=\"has-text-align-center\"><em>Als Erstes\nsieht man das Bild eines Menschen und empfindet Sympathie. Dann kommt es zum\nTelefonat.<\/em><\/p>\n\n\n\n<p class=\"has-text-align-center\"><em>\u00dcberlegen Sie\nsich, bevor Sie anrufen, mehrere m\u00f6gliche neutrale Treffpunkte, wie ein Cafe\noder Restaurant.&nbsp;<\/em><\/p>\n\n\n\n<p class=\"has-text-align-center\"><em>Falls\naus dem Date eine Beziehung wird, will man sich gern an das erste Treffen\nerinnern und da sollte der Ort gut gew\u00e4hlt sein<\/em><em>.&nbsp;<\/em><\/p>\n\n\n\n<p class=\"has-text-align-center\"><em>Achten Sie\nbitte auf die \u00d6ffnungszeiten. <\/em><\/p>\n\n\n\n<p class=\"has-text-align-center\"><em>Wer wartet gern\nvor verschlossenen T\u00fcren? <\/em><\/p>\n\n\n\n<p class=\"has-text-align-center\"><em>Das\nHerzklopfen, wenn Sie die Nummer w\u00e4hlen, hat die Angerufene auch, wenn sie den\nH\u00f6rer abnimmt. <\/em><\/p>\n\n\n\n<p class=\"has-text-align-center\"><em>Das ist alles ganz normal.<\/em><\/p>\n\n\n\n<p><em> <\/em>                                                                 <em>Das erste Telfongespr\u00e4ch<\/em><\/p>\n\n\n\n<p class=\"has-text-align-center\"><em>Die Stimme ist\nsympathisch und man hat sich was zu sagen. <\/em><\/p>\n\n\n\n<p class=\"has-text-align-center\"><em>Bitte halten\nSie das erste Gespr\u00e4ch unter 5 Minuten, wenn es auch schwerf\u00e4llt.<\/em><\/p>\n\n\n\n<p class=\"has-text-align-center\"><em>Sagen Sie, wenn\ngebohrt wird, dass Sie Ihrem Gegen\u00fcber lieber beim Reden in die Augen sehen.<\/em><\/p>\n\n\n\n<p class=\"has-text-align-center\"><em>Grund: Wer am\nTelefon die \u201eHosen runter\u201c l\u00e4sst, wird uninteressant. <\/em><\/p>\n\n\n\n<p class=\"has-text-align-center\"><em>Niemals, auch\nsp\u00e4ter nicht alles \u00fcber sich erz\u00e4hlen! Dadurch weckt man Interesse und Neugier\nbeim Gegen\u00fcber.<\/em><\/p>\n\n\n\n<p class=\"has-text-align-center\"><em>Beim Treffen\nsteht dann immer fest:&nbsp;<\/em><\/p>\n\n\n\n<p class=\"has-text-align-center\"><em>Der Mensch, den\nSie treffen, hat die gleichen Lebensziele und Wertevorstellungen wie Sie. <\/em><\/p>\n\n\n\n<p class=\"has-text-align-center\"><em>Letztendlich\nmuss nur die Chemie stimmen.<\/em><\/p>\n\n\n\n<p class=\"has-text-align-center\"><strong><em>Man muss sich\nauch \u201eriechen\u201c k\u00f6nnen.<\/em><\/strong><em> <\/em><\/p>\n\n\n\n<p class=\"has-text-align-center\"><em>Hier l\u00e4sst sich\nunser Gehirn auch in der Welt unserer sch\u00f6nen D\u00fcfte nicht irref\u00fchren. <\/em><\/p>\n\n\n\n<p class=\"has-text-align-center\"><em>Dies ist ein\nelementarer Punkt der Partnerwahl!<\/em><\/p>\n\n\n\n<p class=\"has-text-align-center\"><strong><em>Sehen, h\u00f6ren,\nriechen!<\/em><\/strong><\/p>\n\n\n\n<p class=\"has-text-align-center\"><em>Beim ersten\nTreffen blickt man sich bei einem festen H\u00e4ndedruck in die Augen. Das zeugt von\nEntschlossenheit.<\/em><\/p>\n\n\n\n<p class=\"has-text-align-center\"><em>Ein nicht\n\u00fcbertriebenes Kompliment wie -&#8222;Darf ich meinen Engel mal in den Arm\nnehmen?&#8220; Eine Umarmung ist auch erlaubt.<\/em><\/p>\n\n\n\n<p class=\"has-text-align-center\"><em>Ein erstes\nSchnuppern ist jetzt m\u00f6glich!<\/em><\/p>\n\n\n\n<p class=\"has-text-align-center\"><strong><em>Zum 1. Treffen\nschenken Sie bitte keine Blumen.<\/em><\/strong><em> <\/em><\/p>\n\n\n\n<p class=\"has-text-align-center\"><em>Sie m\u00f6chten\nnicht bestechen. Stellen Sie sich vor: Es ist&nbsp; Samstag Nachmittag, Sie\nhaben Zeit mitgebracht, sind mit Ihrem netten Gegen\u00fcber im angeregten Gespr\u00e4ch.\n<\/em><\/p>\n\n\n\n<p class=\"has-text-align-center\"><em>Pl\u00f6tzlich f\u00e4llt\nihr auf, dass die Rosen die K\u00f6pfe h\u00e4ngen lassen. <strong>Sie will nach Hause.<\/strong>\nDie Blumen m\u00fcssen schnell in eine Vase. Schenken Sie beim 2. Treffen Blumen.<\/em><\/p>\n\n\n\n<p class=\"has-text-align-center\"><strong><em>Ganz wichtig:<\/em><\/strong><em> Lassen Sie niemals einer Dame den Vortritt in ein Lokal. <strong>Sie gehen\nimmer vor und f\u00fchren!<\/strong><\/em><\/p>\n\n\n\n<p class=\"has-text-align-center\"><em>Beim ersten\nTreffen reden Sie bitte offen und klar \u00fcber Ihre W\u00fcnsche, Vorstellungen und\nZiele. Bitte niemals \u00fcbertreiben.<\/em><\/p>\n\n\n\n<p class=\"has-text-align-center\"><strong><em>Angeber sind unerw\u00fcnscht. Ehrlichkeit gewollt.<\/em><\/strong><\/p>\n\n\n\n<p class=\"has-text-align-center\"><em>Halten Sie das\nGespr\u00e4ch immer im respektvollen, positiven Bereich, machen Sie keine\n\u00fcbertriebenen Komplimente. <\/em><\/p>\n\n\n\n<p class=\"has-text-align-center\"><em>Die Themen Politik, Religion, Weltgeschehen oder Ex Partner nicht ansprechen.<\/em><\/p>\n\n\n\n<p class=\"has-text-align-center\"><em>Reden Sie \u00fcber\nsich, Ihre Hobbys, Ihre Freunde, Ihre Lebensziele, Ihre W\u00fcnsche, Ihren\nsch\u00f6nsten Urlaub.<\/em><\/p>\n\n\n\n<p class=\"has-text-align-center\"><em>Erwarten Sie\nbeim ersten Date nicht sofort die ganz gro\u00dfe Liebe. Das gibt es, aber h\u00e4ufig\nentwickelt sich Liebe aus Sympathie heraus.<\/em><\/p>\n\n\n\n<p class=\"has-text-align-center\"><em>Vereinbaren Sie\nsofort ein n\u00e4chstes Treffen. Beim ersten Date kann man in der Regel wenig\nsagen.&nbsp; <\/em><\/p>\n\n\n\n<p class=\"has-text-align-center\"><em>Liebe braucht\nmanchmal Zeit, ist anfangs wie ein zartes Gew\u00e4chs.<\/em><\/p>\n\n\n\n<p class=\"has-text-align-center\"><em>Oft beginnt sie\nmit einem L\u00e4cheln, geht weiter mit einem Kuss, wird dann immer gr\u00f6\u00dfer,&nbsp; <\/em><\/p>\n\n\n\n<p class=\"has-text-align-center\"><em>ist dann das\nst\u00e4rkste m\u00f6gliche Gef\u00fchl, das ein Mensch haben kann.<\/em><\/p>\n\n\n\n<p class=\"has-text-align-center\"><strong><em>F\u00fcr die Liebe\nsind schon K\u00f6nigreiche ausgeschlagen worden!<\/em><\/strong><\/p>\n\n\n\n<p class=\"has-text-align-center\"><em>Es ist keine\nSeltenheit, nach dem ersten Treffen am Ziel zu sein. <\/em><\/p>\n\n\n\n<p class=\"has-text-align-center\"><strong><em>Etwas Gl\u00fcck\ngeh\u00f6rt nat\u00fcrlich wie immer im Leben auch dazu.<\/em><\/strong><em> <\/em><\/p>\n\n\n\n<p class=\"has-text-align-center\"><em>Meine Bem\u00fchungen\nenden mit Ihrer Zufriedenheit.<\/em><\/p>\n\n\n\n<p class=\"has-text-align-center\"><em>Wenn meine\nWorte jetzt Ihre Ansprache finden, Sie noch offene Fragen haben, so z\u00f6gern Sie\nbitte nicht. <\/em><\/p>\n\n\n\n<p class=\"has-text-align-center\"><em>Rufen mich gern einmal v\u00f6llig unverbindlich pers\u00f6nlich an. <\/em><\/p>\n\n\n\n<p class=\"has-text-align-center\"><strong>Tel.: 0170 \u2013 75 75 <em>379<\/em><\/strong><\/p>\n\n\n\n<p class=\"has-text-align-center\"><em>Ich versichere\nihnen h\u00f6chste Diskretion und Verschwiegenheit.<\/em><\/p>\n\n\n\n<p class=\"has-text-align-center\"><em>Sie erreichen\nmich t\u00e4glich, auch am Wochenende von 11.00 \u2013 21.00 Uhr<\/em><\/p>\n\n\n\n<p class=\"has-text-align-center\"><strong><em>Harald J. Dey<\/em><\/strong><\/p>\n","protected":false},"excerpt":{"rendered":"<p>Sie sind auf der Suche nach Freundschaft, Partnerschaft, oder der ganz gro\u00dfen Liebe? Sehen &#8211; h\u00f6ren &#8211; riechen Sie haben es schon versucht, sich im Internet die Finger wund geschrieben, auf der \u201efreien Wildbahn\u201c Abwechslung, Abenteuer oder finanzielle Interessen kennengelernt? Vielleicht sind Sie anspruchsvoll, waren immer zur falschen Zeit am falschen Ort, oder sind ganz [&hellip;]<\/p>\n","protected":false},"author":1,"featured_media":0,"parent":0,"menu_order":0,"comment_status":"closed","ping_status":"closed","template":"","meta":[],"_links":{"self":[{"href":"http:\/\/wegzuzweit.de\/index.php?rest_route=\/wp\/v2\/pages\/34"}],"collection":[{"href":"http:\/\/wegzuzweit.de\/index.php?rest_route=\/wp\/v2\/pages"}],"about":[{"href":"http:\/\/wegzuzweit.de\/index.php?rest_route=\/wp\/v2\/types\/page"}],"author":[{"embeddable":true,"href":"http:\/\/wegzuzweit.de\/index.php?rest_route=\/wp\/v2\/users\/1"}],"replies":[{"embeddable":true,"href":"http:\/\/wegzuzweit.de\/index.php?rest_route=%2Fwp%2Fv2%2Fcomments&post=34"}],"version-history":[{"count":9,"href":"http:\/\/wegzuzweit.de\/index.php?rest_route=\/wp\/v2\/pages\/34\/revisions"}],"predecessor-version":[{"id":2902,"href":"http:\/\/wegzuzweit.de\/index.php?rest_route=\/wp\/v2\/pages\/34\/revisions\/2902"}],"wp:attachment":[{"href":"http:\/\/wegzuzweit.de\/index.php?rest_route=%2Fwp%2Fv2%2Fmedia&parent=34"}],"curies":[{"name":"wp","href":"https:\/\/api.w.org\/{rel}","templated":true}]}}