{"id":53,"date":"2019-12-16T20:10:45","date_gmt":"2019-12-16T20:10:45","guid":{"rendered":"http:\/\/wegzuzweit.de\/?page_id=53"},"modified":"2019-12-18T10:47:15","modified_gmt":"2019-12-18T10:47:15","slug":"ueber-das-leben","status":"publish","type":"page","link":"http:\/\/wegzuzweit.de\/?page_id=53","title":{"rendered":"\u00dcber das Leben"},"content":{"rendered":"\n<p class=\"has-text-align-center\"><em>Sich hier\u00fcber klar zu werden, ist der Anfang und\ndie Voraussetzung f\u00fcr eine Verhaltens\u00e4nderung <\/em><\/p>\n\n\n\n<p class=\"has-text-align-center\"><em>und eine neue innere Haltung:<\/em><\/p>\n\n\n\n<p class=\"has-text-align-center\"> <em>Folgen Sie immer Ihrem Herzen.<\/em><\/p>\n\n\n\n<p class=\"has-text-align-center\"><em>\u00dcben\nSie N\u00e4chstenliebe und lassen Sie teilhaben.<\/em><\/p>\n\n\n\n<p class=\"has-text-align-center\"><em>Richten\nSie nicht \u00fcber Menschen und mutma\u00dfen Sie nicht \u00fcber andere.<\/em><\/p>\n\n\n\n<p class=\"has-text-align-center\">&nbsp;<em>Jeder Mensch, der selbst gl\u00fccklich ist, macht die gesamte\nWelt zu einer gl\u00fccklicheren Welt.<\/em><\/p>\n\n\n\n<p class=\"has-text-align-center\">&nbsp;<em>Denken Sie immer positiv. Auch ein verregneter Tag hat seine\ngute Seite. Alles hat seinen Sinn.<\/em><\/p>\n\n\n\n<p class=\"has-text-align-center\"><em>Wenden\nSie sich ab von Neid, Gier und Verblendung, denn all das, zieht dem Menschen\nkostbare Energie ab und schadet.<\/em><\/p>\n\n\n\n<p class=\"has-text-align-center\"><em>Sprechen\nSie die Wahrheit, denn es wird nie so viel gelogen wie vor einer Wahl, w\u00e4hrend\neines Krieges oder nach einer Jagd.<\/em><\/p>\n\n\n\n<p class=\"has-text-align-center\"><em>Nutzen\nSie Ihre Zeit so gut Sie k\u00f6nnen, denn die Kostbarkeit der Zeit wird vielen\nleider erst bewusst, wenn die Endlichkeit n\u00e4her r\u00fcckt.<\/em><\/p>\n\n\n\n<p class=\"has-text-align-center\"><em>Haben\nSie Respekt vor allen Lebewesen und der gesamten Sch\u00f6pfung, wie Sie ihn auch\nerwarten.<\/em><\/p>\n\n\n\n<p class=\"has-text-align-center\"><em>Verhalten\nSie sich wie ein Gast auf Erden. Wir haben nur eine Welt.<\/em><\/p>\n\n\n\n<p class=\"has-text-align-center\"><em>Harald\nJ. Dey<\/em><\/p>\n","protected":false},"excerpt":{"rendered":"<p>Sich hier\u00fcber klar zu werden, ist der Anfang und die Voraussetzung f\u00fcr eine Verhaltens\u00e4nderung und eine neue innere Haltung: Folgen Sie immer Ihrem Herzen. \u00dcben Sie N\u00e4chstenliebe und lassen Sie teilhaben. Richten Sie nicht \u00fcber Menschen und mutma\u00dfen Sie nicht \u00fcber andere. &nbsp;Jeder Mensch, der selbst gl\u00fccklich ist, macht die gesamte Welt zu einer gl\u00fccklicheren [&hellip;]<\/p>\n","protected":false},"author":1,"featured_media":0,"parent":0,"menu_order":0,"comment_status":"closed","ping_status":"closed","template":"","meta":[],"_links":{"self":[{"href":"http:\/\/wegzuzweit.de\/index.php?rest_route=\/wp\/v2\/pages\/53"}],"collection":[{"href":"http:\/\/wegzuzweit.de\/index.php?rest_route=\/wp\/v2\/pages"}],"about":[{"href":"http:\/\/wegzuzweit.de\/index.php?rest_route=\/wp\/v2\/types\/page"}],"author":[{"embeddable":true,"href":"http:\/\/wegzuzweit.de\/index.php?rest_route=\/wp\/v2\/users\/1"}],"replies":[{"embeddable":true,"href":"http:\/\/wegzuzweit.de\/index.php?rest_route=%2Fwp%2Fv2%2Fcomments&post=53"}],"version-history":[{"count":4,"href":"http:\/\/wegzuzweit.de\/index.php?rest_route=\/wp\/v2\/pages\/53\/revisions"}],"predecessor-version":[{"id":334,"href":"http:\/\/wegzuzweit.de\/index.php?rest_route=\/wp\/v2\/pages\/53\/revisions\/334"}],"wp:attachment":[{"href":"http:\/\/wegzuzweit.de\/index.php?rest_route=%2Fwp%2Fv2%2Fmedia&parent=53"}],"curies":[{"name":"wp","href":"https:\/\/api.w.org\/{rel}","templated":true}]}}